{"id":407,"date":"2026-03-18T19:34:01","date_gmt":"2026-03-18T19:34:01","guid":{"rendered":"https:\/\/www.onemindoneheart.org\/?post_type=product&#038;p=407"},"modified":"2026-03-25T19:40:40","modified_gmt":"2026-03-25T19:40:40","slug":"caroline-thonon","status":"publish","type":"product","link":"https:\/\/www.onemindoneheart.org\/es\/equipo\/caroline-thonon\/","title":{"rendered":"Caroline Thonon"},"content":{"rendered":"<p>Nacida en Amberes, B\u00e9lgica, la trayectoria de Caroline Thonon ha estado marcada por una experiencia internacional, una visi\u00f3n emprendedora y un compromiso inquebrantable con el servicio. Tras vivir en Suiza, se traslad\u00f3 a Estados Unidos, donde obtuvo su MBA en Gesti\u00f3n Internacional en Dallas, Texas. En sus inicios profesionales, trabaj\u00f3 con importantes corporaciones globales como IBM, experiencias que ampliaron su perspectiva internacional y fortalecieron su liderazgo.<\/p>\n<p>Sin embargo, m\u00e1s all\u00e1 del \u00e9xito corporativo, Caroline sinti\u00f3 el llamado hacia un prop\u00f3sito m\u00e1s profundo.<\/p>\n<p>Emprendedora por naturaleza, ha fundado m\u00e1s de once empresas, muchas de ellas enfocadas en el bienestar, la transformaci\u00f3n y el potencial humano. Durante d\u00e9cadas, se ha dedicado al estudio de modalidades de sanaci\u00f3n, desarrollo personal y nutrici\u00f3n, integrando estas disciplinas para apoyar el bienestar mental, f\u00edsico y espiritual.<\/p>\n<p>Durante m\u00e1s de 25 a\u00f1os, Caroline ha servido como Guardian ad Litem, abogando por ni\u00f1os en hogares de acogida dentro del sistema judicial. En este rol, se convierte en una voz para quienes no la tienen\u2014una guardiana de luz en espacios legales donde la protecci\u00f3n, la claridad y la compasi\u00f3n son esenciales. Su labor asegura que los ni\u00f1os que atraviesan situaciones de trauma, abuso y vulnerabilidad sean vistos, escuchados y protegidos.<\/p>\n<p>Es Coach certificada en Vida y Salud, Hipnoterapeuta Certificada, y contin\u00faa su formaci\u00f3n avanzada\u2014incluyendo HeartMath\u2014para profundizar su experiencia en regulaci\u00f3n emocional, recuperaci\u00f3n del trauma y resiliencia.<\/p>\n<p>En el coraz\u00f3n de la misi\u00f3n de Caroline reside una convicci\u00f3n profunda: la verdadera transformaci\u00f3n comienza desde el interior. Con la gu\u00eda, el acompa\u00f1amiento y la defensa adecuados, cada ni\u00f1o\u2014y cada adulto\u2014tiene la capacidad de sanar, elevarse y prosperar.<\/p>\n","protected":false},"excerpt":{"rendered":"<p>Nacida en Amberes, B\u00e9lgica, la trayectoria de Caroline Thonon ha estado marcada por una experiencia internacional, una visi\u00f3n emprendedora y un compromiso inquebrantable con el servicio. Tras vivir en Suiza, se traslad\u00f3 a Estados Unidos, donde obtuvo su MBA en Gesti\u00f3n Internacional en Dallas, Texas. En sus inicios profesionales, trabaj\u00f3 con importantes corporaciones globales como [&hellip;]<\/p>\n","protected":false},"featured_media":408,"template":"","meta":{"_et_pb_use_builder":"","_et_pb_old_content":"","_et_gb_content_width":"","rs_blank_template":"","rs_page_bg_color":"","slide_template_v7":""},"product_brand":[],"product_cat":[24],"product_tag":[],"class_list":{"0":"post-407","1":"product","2":"type-product","3":"status-publish","4":"has-post-thumbnail","6":"product_cat-equipo","8":"first","9":"instock","10":"shipping-taxable","11":"product-type-simple"},"_links":{"self":[{"href":"https:\/\/www.onemindoneheart.org\/es\/wp-json\/wp\/v2\/product\/407","targetHints":{"allow":["GET"]}}],"collection":[{"href":"https:\/\/www.onemindoneheart.org\/es\/wp-json\/wp\/v2\/product"}],"about":[{"href":"https:\/\/www.onemindoneheart.org\/es\/wp-json\/wp\/v2\/types\/product"}],"wp:featuredmedia":[{"embeddable":true,"href":"https:\/\/www.onemindoneheart.org\/es\/wp-json\/wp\/v2\/media\/408"}],"wp:attachment":[{"href":"https:\/\/www.onemindoneheart.org\/es\/wp-json\/wp\/v2\/media?parent=407"}],"wp:term":[{"taxonomy":"product_brand","embeddable":true,"href":"https:\/\/www.onemindoneheart.org\/es\/wp-json\/wp\/v2\/product_brand?post=407"},{"taxonomy":"product_cat","embeddable":true,"href":"https:\/\/www.onemindoneheart.org\/es\/wp-json\/wp\/v2\/product_cat?post=407"},{"taxonomy":"product_tag","embeddable":true,"href":"https:\/\/www.onemindoneheart.org\/es\/wp-json\/wp\/v2\/product_tag?post=407"}],"curies":[{"name":"wp","href":"https:\/\/api.w.org\/{rel}","templated":true}]}}