{"id":409,"date":"2026-03-18T19:33:28","date_gmt":"2026-03-18T19:33:28","guid":{"rendered":"https:\/\/www.onemindoneheart.org\/?post_type=product&#038;p=409"},"modified":"2026-04-04T19:37:25","modified_gmt":"2026-04-04T19:37:25","slug":"vera-castro","status":"publish","type":"product","link":"https:\/\/www.onemindoneheart.org\/es\/equipo\/vera-castro\/","title":{"rendered":"Vera Castro"},"content":{"rendered":"<p>Profesional certificada Green Belt.<\/p>\n<p>Vera Castro es una l\u00edder costarricense en la cadena de suministro con m\u00e1s de dos d\u00e9cadas de experiencia impulsando la excelencia operativa, la optimizaci\u00f3n de procesos y las iniciativas de mejora estrat\u00e9gica. Como profesional certificada Green Belt, cuenta con una s\u00f3lida base en mejora continua, eficiencia y liderazgo orientado a resultados.<\/p>\n<p>Inici\u00f3 su carrera como maestra de preescolar, una vocaci\u00f3n que marc\u00f3 profundamente su camino, ya que siempre ha sentido un amor genuino por trabajar con ni\u00f1os y contribuir a su desarrollo. Esta conexi\u00f3n temprana con la educaci\u00f3n y el cuidado ha sido el hilo conductor que ha dado sentido humano a toda su trayectoria profesional.<\/p>\n<p>Adem\u00e1s de su amplia experiencia corporativa, Vera est\u00e1 profundamente comprometida con el impacto social. Apoya activamente iniciativas sin fines de lucro y actualmente se encuentra en formaci\u00f3n con Neuro Change Solutions, ampliando su conocimiento en transformaci\u00f3n basada en la neurociencia.<\/p>\n<p>Su misi\u00f3n es integrar la excelencia operativa con la transformaci\u00f3n humana, ayudando a individuos, organizaciones y comunidades a generar cambios sostenibles desde el interior. Cree firmemente que el verdadero cambio comienza en el ser humano, y que cuando se cultiva la conciencia y el prop\u00f3sito, se transforma no solo el presente, sino tambi\u00e9n el futuro de las nuevas generaciones.<\/p>\n","protected":false},"excerpt":{"rendered":"<p>Profesional certificada Green Belt. Vera Castro es una l\u00edder costarricense en la cadena de suministro con m\u00e1s de dos d\u00e9cadas de experiencia impulsando la excelencia operativa, la optimizaci\u00f3n de procesos y las iniciativas de mejora estrat\u00e9gica. Como profesional certificada Green Belt, cuenta con una s\u00f3lida base en mejora continua, eficiencia y liderazgo orientado a resultados. [&hellip;]<\/p>\n","protected":false},"featured_media":413,"template":"","meta":{"_et_pb_use_builder":"","_et_pb_old_content":"","_et_gb_content_width":"","rs_blank_template":"","rs_page_bg_color":"","slide_template_v7":""},"product_brand":[],"product_cat":[24],"product_tag":[],"class_list":{"0":"post-409","1":"product","2":"type-product","3":"status-publish","4":"has-post-thumbnail","6":"product_cat-equipo","8":"first","9":"instock","10":"shipping-taxable","11":"product-type-simple"},"_links":{"self":[{"href":"https:\/\/www.onemindoneheart.org\/es\/wp-json\/wp\/v2\/product\/409","targetHints":{"allow":["GET"]}}],"collection":[{"href":"https:\/\/www.onemindoneheart.org\/es\/wp-json\/wp\/v2\/product"}],"about":[{"href":"https:\/\/www.onemindoneheart.org\/es\/wp-json\/wp\/v2\/types\/product"}],"wp:featuredmedia":[{"embeddable":true,"href":"https:\/\/www.onemindoneheart.org\/es\/wp-json\/wp\/v2\/media\/413"}],"wp:attachment":[{"href":"https:\/\/www.onemindoneheart.org\/es\/wp-json\/wp\/v2\/media?parent=409"}],"wp:term":[{"taxonomy":"product_brand","embeddable":true,"href":"https:\/\/www.onemindoneheart.org\/es\/wp-json\/wp\/v2\/product_brand?post=409"},{"taxonomy":"product_cat","embeddable":true,"href":"https:\/\/www.onemindoneheart.org\/es\/wp-json\/wp\/v2\/product_cat?post=409"},{"taxonomy":"product_tag","embeddable":true,"href":"https:\/\/www.onemindoneheart.org\/es\/wp-json\/wp\/v2\/product_tag?post=409"}],"curies":[{"name":"wp","href":"https:\/\/api.w.org\/{rel}","templated":true}]}}