{"id":410,"date":"2026-03-18T19:35:49","date_gmt":"2026-03-18T19:35:49","guid":{"rendered":"https:\/\/www.onemindoneheart.org\/?post_type=product&#038;p=410"},"modified":"2026-04-03T16:42:46","modified_gmt":"2026-04-03T16:42:46","slug":"keysi-del-valle","status":"publish","type":"product","link":"https:\/\/www.onemindoneheart.org\/es\/equipo\/keysi-del-valle\/","title":{"rendered":"Keysi del Valle"},"content":{"rendered":"<p>Despu\u00e9s de m\u00e1s de 26 a\u00f1os de experiencia cl\u00ednica, Keysi Mariana Del Valle, RN, BSN, Certified NeuroChange Consultant, ha dedicado su vida a transformar la forma en que entendemos el trauma, la sanaci\u00f3n y el verdadero potencial humano. Enfermera Registrada en Estados Unidos y Coach en Neurociencia, su trabajo no solo une ciencia y compasi\u00f3n: la convierte en un puente hacia la esperanza.<\/p>\n<p>A trav\u00e9s de la integraci\u00f3n de la neurociencia, la epigen\u00e9tica y pr\u00e1cticas centradas en el coraz\u00f3n, gu\u00eda a profesionales, familias e individuos a reconectar con su sistema nervioso, recuperar su equilibrio y recordar que sanar es posible. Keysi cree profundamente que la sanaci\u00f3n comienza dentro. Que los ni\u00f1os no escuchan lo que decimos\u2026 sino que viven lo que somos. Y que cuando un adulto sana, no solo cambia su vida: transforma el destino emocional de las generaciones que vienen.<\/p>\n<p>Su misi\u00f3n toca especialmente a los m\u00e1s vulnerables: ni\u00f1os que han vivido abuso, trauma y dolor profundo. Al fortalecer a padres, cuidadores y profesionales, crea espacios donde el miedo se transforma en seguridad, el silencio en voz y las heridas en oportunidades de renacer.<\/p>\n<p>Pero su prop\u00f3sito va m\u00e1s all\u00e1 de sanar: es romper ciclos. Es acompa\u00f1ar a cada persona en su proceso de convalecencia y sanaci\u00f3n con presencia, empat\u00eda y verdad. Es restaurar familias, proteger la inocencia y sembrar resiliencia donde antes hubo dolor.<\/p>\n<p>Porque cuando sanamos el coraz\u00f3n\u2026 tambi\u00e9n cambiamos el futuro.<\/p>\n","protected":false},"excerpt":{"rendered":"<p>Despu\u00e9s de m\u00e1s de 26 a\u00f1os de experiencia cl\u00ednica, Keysi Mariana Del Valle, RN, BSN, Certified NeuroChange Consultant, ha dedicado su vida a transformar la forma en que entendemos el trauma, la sanaci\u00f3n y el verdadero potencial humano. Enfermera Registrada en Estados Unidos y Coach en Neurociencia, su trabajo no solo une ciencia y compasi\u00f3n: [&hellip;]<\/p>\n","protected":false},"featured_media":412,"template":"","meta":{"_et_pb_use_builder":"off","_et_pb_old_content":"Despu\u00e9s de m\u00e1s de 26 a\u00f1os de experiencia cl\u00ednica, Keysi Mariana Del Valle, RN, BSN, Certified NeuroChange Consultant, ha dedicado su vida a transformar la forma en que entendemos el trauma, la sanaci\u00f3n y el verdadero potencial humano. Enfermera Registrada en Estados Unidos y Coach en Neurociencia, su trabajo no solo une ciencia y compasi\u00f3n: la convierte en un puente hacia la esperanza.\r\n\r\nA trav\u00e9s de la integraci\u00f3n de la neurociencia, la epigen\u00e9tica y pr\u00e1cticas centradas en el coraz\u00f3n, gu\u00eda a profesionales, familias e individuos a reconectar con su sistema nervioso, recuperar su equilibrio y recordar que sanar es posible. Keysi cree profundamente que la sanaci\u00f3n comienza dentro. Que los ni\u00f1os no escuchan lo que decimos\u2026 sino que viven lo que somos. Y que cuando un adulto sana, no solo cambia su vida: transforma el destino emocional de las generaciones que vienen.\r\n\r\nSu misi\u00f3n toca especialmente a los m\u00e1s vulnerables: ni\u00f1os que han vivido abuso, trauma y dolor profundo. Al fortalecer a padres, cuidadores y profesionales, crea espacios donde el miedo se transforma en seguridad, el silencio en voz y las heridas en oportunidades de renacer.\r\n\r\nPero su prop\u00f3sito va m\u00e1s all\u00e1 de sanar: es romper ciclos. Es acompa\u00f1ar a cada persona en su proceso de convalecencia y sanaci\u00f3n con presencia, empat\u00eda y verdad. Es restaurar familias, proteger la inocencia y sembrar resiliencia donde antes hubo dolor.\r\n\r\nPorque cuando sanamos el coraz\u00f3n\u2026 tambi\u00e9n cambiamos el futuro.","_et_gb_content_width":"","rs_blank_template":"","rs_page_bg_color":"","slide_template_v7":""},"product_brand":[],"product_cat":[24],"product_tag":[],"class_list":{"0":"post-410","1":"product","2":"type-product","3":"status-publish","4":"has-post-thumbnail","6":"product_cat-equipo","8":"first","9":"instock","10":"shipping-taxable","11":"product-type-simple"},"_links":{"self":[{"href":"https:\/\/www.onemindoneheart.org\/es\/wp-json\/wp\/v2\/product\/410","targetHints":{"allow":["GET"]}}],"collection":[{"href":"https:\/\/www.onemindoneheart.org\/es\/wp-json\/wp\/v2\/product"}],"about":[{"href":"https:\/\/www.onemindoneheart.org\/es\/wp-json\/wp\/v2\/types\/product"}],"wp:featuredmedia":[{"embeddable":true,"href":"https:\/\/www.onemindoneheart.org\/es\/wp-json\/wp\/v2\/media\/412"}],"wp:attachment":[{"href":"https:\/\/www.onemindoneheart.org\/es\/wp-json\/wp\/v2\/media?parent=410"}],"wp:term":[{"taxonomy":"product_brand","embeddable":true,"href":"https:\/\/www.onemindoneheart.org\/es\/wp-json\/wp\/v2\/product_brand?post=410"},{"taxonomy":"product_cat","embeddable":true,"href":"https:\/\/www.onemindoneheart.org\/es\/wp-json\/wp\/v2\/product_cat?post=410"},{"taxonomy":"product_tag","embeddable":true,"href":"https:\/\/www.onemindoneheart.org\/es\/wp-json\/wp\/v2\/product_tag?post=410"}],"curies":[{"name":"wp","href":"https:\/\/api.w.org\/{rel}","templated":true}]}}