{"id":411,"date":"2026-03-18T19:37:24","date_gmt":"2026-03-18T19:37:24","guid":{"rendered":"https:\/\/www.onemindoneheart.org\/?post_type=product&#038;p=411"},"modified":"2026-04-03T16:42:25","modified_gmt":"2026-04-03T16:42:25","slug":"rebeca-ruiz","status":"publish","type":"product","link":"https:\/\/www.onemindoneheart.org\/es\/equipo\/rebeca-ruiz\/","title":{"rendered":"Rebeca Ruiz"},"content":{"rendered":"<p>Fundadora Talita Cumi CR naci\u00f3 en 1994 en Costa Rica. Desde sus inicios, se desarrollaron programas dirigidos a ni\u00f1os y ni\u00f1as con el prop\u00f3sito de fortalecer su autoestima a trav\u00e9s de la educaci\u00f3n y la formaci\u00f3n.<\/p>\n<p>En ese mismo per\u00edodo, la fundadora atraves\u00f3 la p\u00e9rdida de su madre, un acontecimiento que marcar\u00eda profundamente la vida de Rebeca Ruiz. Su madre hab\u00eda sido quien le inculc\u00f3 el valor del esfuerzo y la educaci\u00f3n como herramientas fundamentales para empoderar a los dem\u00e1s.<\/p>\n<p>Inspirada por este legado, Rebeca decidi\u00f3 dejar una huella positiva en la vida de las personas y, en 1995, formaliz\u00f3 la fundaci\u00f3n. Desde entonces, su labor se ha centrado en brindar herramientas educativas que impulsen el desarrollo y el empoderamiento de ni\u00f1os, adolescentes, j\u00f3venes, adultos y personas mayores.<\/p>\n","protected":false},"excerpt":{"rendered":"<p>Fundadora Talita Cumi CR naci\u00f3 en 1994 en Costa Rica. Desde sus inicios, se desarrollaron programas dirigidos a ni\u00f1os y ni\u00f1as con el prop\u00f3sito de fortalecer su autoestima a trav\u00e9s de la educaci\u00f3n y la formaci\u00f3n. En ese mismo per\u00edodo, la fundadora atraves\u00f3 la p\u00e9rdida de su madre, un acontecimiento que marcar\u00eda profundamente la vida [&hellip;]<\/p>\n","protected":false},"featured_media":414,"template":"","meta":{"_et_pb_use_builder":"off","_et_pb_old_content":"Fundadora Talita Cumi CR naci\u00f3 en 1994 en Costa Rica. Desde sus inicios, se desarrollaron programas dirigidos a ni\u00f1os y ni\u00f1as con el prop\u00f3sito de fortalecer su autoestima a trav\u00e9s de la educaci\u00f3n y la formaci\u00f3n.\r\n\r\nEn ese mismo per\u00edodo, la fundadora atraves\u00f3 la p\u00e9rdida de su madre, un acontecimiento que marcar\u00eda profundamente la vida de Rebeca Ruiz. Su madre hab\u00eda sido quien le inculc\u00f3 el valor del esfuerzo y la educaci\u00f3n como herramientas fundamentales para empoderar a los dem\u00e1s.\r\n\r\nInspirada por este legado, Rebeca decidi\u00f3 dejar una huella positiva en la vida de las personas y, en 1995, formaliz\u00f3 la fundaci\u00f3n. Desde entonces, su labor se ha centrado en brindar herramientas educativas que impulsen el desarrollo y el empoderamiento de ni\u00f1os, adolescentes, j\u00f3venes, adultos y personas mayores.","_et_gb_content_width":"","rs_blank_template":"","rs_page_bg_color":"","slide_template_v7":""},"product_brand":[],"product_cat":[24],"product_tag":[],"class_list":{"0":"post-411","1":"product","2":"type-product","3":"status-publish","4":"has-post-thumbnail","6":"product_cat-equipo","8":"first","9":"instock","10":"shipping-taxable","11":"product-type-simple"},"_links":{"self":[{"href":"https:\/\/www.onemindoneheart.org\/es\/wp-json\/wp\/v2\/product\/411","targetHints":{"allow":["GET"]}}],"collection":[{"href":"https:\/\/www.onemindoneheart.org\/es\/wp-json\/wp\/v2\/product"}],"about":[{"href":"https:\/\/www.onemindoneheart.org\/es\/wp-json\/wp\/v2\/types\/product"}],"wp:featuredmedia":[{"embeddable":true,"href":"https:\/\/www.onemindoneheart.org\/es\/wp-json\/wp\/v2\/media\/414"}],"wp:attachment":[{"href":"https:\/\/www.onemindoneheart.org\/es\/wp-json\/wp\/v2\/media?parent=411"}],"wp:term":[{"taxonomy":"product_brand","embeddable":true,"href":"https:\/\/www.onemindoneheart.org\/es\/wp-json\/wp\/v2\/product_brand?post=411"},{"taxonomy":"product_cat","embeddable":true,"href":"https:\/\/www.onemindoneheart.org\/es\/wp-json\/wp\/v2\/product_cat?post=411"},{"taxonomy":"product_tag","embeddable":true,"href":"https:\/\/www.onemindoneheart.org\/es\/wp-json\/wp\/v2\/product_tag?post=411"}],"curies":[{"name":"wp","href":"https:\/\/api.w.org\/{rel}","templated":true}]}}