{"id":587,"date":"2026-04-02T18:05:21","date_gmt":"2026-04-02T18:05:21","guid":{"rendered":"https:\/\/www.onemindoneheart.org\/?post_type=product&#038;p=587"},"modified":"2026-04-03T16:41:40","modified_gmt":"2026-04-03T16:41:40","slug":"saul-garcia-argote","status":"publish","type":"product","link":"https:\/\/www.onemindoneheart.org\/es\/asesores\/saul-garcia-argote\/","title":{"rendered":"Sa\u00fal Garc\u00eda Argote"},"content":{"rendered":"<p>Psic\u00f3logo Cl\u00ednico<\/p>\n<p>Especialista en atenci\u00f3n a v\u00edctimas, intervenci\u00f3n en crisis y rehabilitaci\u00f3n de adicciones, con m\u00e1s de 20 a\u00f1os de experiencia en el campo de la salud mental.<\/p>\n<p>Con base en Canc\u00fan, M\u00e9xico, ha trabajado extensamente con v\u00edctimas de violencia, abuso sexual, trata de personas y otras poblaciones vulnerables, brindando apoyo psicol\u00f3gico con un enfoque informado en trauma, tanto en entornos cl\u00ednicos como en contextos de alto riesgo.<\/p>\n<p>A lo largo de su trayectoria ha colaborado con instituciones gubernamentales, centros de rehabilitaci\u00f3n y organizaciones internacionales, ofreciendo intervenci\u00f3n en crisis, terapia y apoyo psicol\u00f3gico durante operativos de rescate y procesos de recuperaci\u00f3n.<\/p>\n<p>Ha dedicado gran parte de su vida profesional a la protecci\u00f3n y sanaci\u00f3n de la infancia, y tambi\u00e9n brinda asesor\u00eda internacional a organizaciones que inician orfanatos o programas de cuidado residencial para ni\u00f1os. Su enfoque terap\u00e9utico se centra en la atenci\u00f3n informada en trauma, integrando.<\/p>\n","protected":false},"excerpt":{"rendered":"<p>Psic\u00f3logo Cl\u00ednico Especialista en atenci\u00f3n a v\u00edctimas, intervenci\u00f3n en crisis y rehabilitaci\u00f3n de adicciones, con m\u00e1s de 20 a\u00f1os de experiencia en el campo de la salud mental. Con base en Canc\u00fan, M\u00e9xico, ha trabajado extensamente con v\u00edctimas de violencia, abuso sexual, trata de personas y otras poblaciones vulnerables, brindando apoyo psicol\u00f3gico con un enfoque [&hellip;]<\/p>\n","protected":false},"featured_media":416,"template":"","meta":{"_et_pb_use_builder":"off","_et_pb_old_content":"Psic\u00f3logo Cl\u00ednico\r\n\r\nEspecialista en atenci\u00f3n a v\u00edctimas, intervenci\u00f3n en crisis y rehabilitaci\u00f3n de adicciones, con m\u00e1s de 20 a\u00f1os de experiencia en el campo de la salud mental.\r\n\r\nCon base en Canc\u00fan, M\u00e9xico, ha trabajado extensamente con v\u00edctimas de violencia, abuso sexual, trata de personas y otras poblaciones vulnerables, brindando apoyo psicol\u00f3gico con un enfoque informado en trauma, tanto en entornos cl\u00ednicos como en contextos de alto riesgo.\r\n\r\nA lo largo de su trayectoria ha colaborado con instituciones gubernamentales, centros de rehabilitaci\u00f3n y organizaciones internacionales, ofreciendo intervenci\u00f3n en crisis, terapia y apoyo psicol\u00f3gico durante operativos de rescate y procesos de recuperaci\u00f3n.\r\n\r\nHa dedicado gran parte de su vida profesional a la protecci\u00f3n y sanaci\u00f3n de la infancia, y tambi\u00e9n brinda asesor\u00eda internacional a organizaciones que inician orfanatos o programas de cuidado residencial para ni\u00f1os. Su enfoque terap\u00e9utico se centra en la atenci\u00f3n informada en trauma, integrando.","_et_gb_content_width":"","rs_blank_template":"","rs_page_bg_color":"","slide_template_v7":""},"product_brand":[],"product_cat":[26],"product_tag":[],"class_list":{"0":"post-587","1":"product","2":"type-product","3":"status-publish","4":"has-post-thumbnail","6":"product_cat-asesores","8":"first","9":"instock","10":"shipping-taxable","11":"product-type-simple"},"_links":{"self":[{"href":"https:\/\/www.onemindoneheart.org\/es\/wp-json\/wp\/v2\/product\/587","targetHints":{"allow":["GET"]}}],"collection":[{"href":"https:\/\/www.onemindoneheart.org\/es\/wp-json\/wp\/v2\/product"}],"about":[{"href":"https:\/\/www.onemindoneheart.org\/es\/wp-json\/wp\/v2\/types\/product"}],"wp:featuredmedia":[{"embeddable":true,"href":"https:\/\/www.onemindoneheart.org\/es\/wp-json\/wp\/v2\/media\/416"}],"wp:attachment":[{"href":"https:\/\/www.onemindoneheart.org\/es\/wp-json\/wp\/v2\/media?parent=587"}],"wp:term":[{"taxonomy":"product_brand","embeddable":true,"href":"https:\/\/www.onemindoneheart.org\/es\/wp-json\/wp\/v2\/product_brand?post=587"},{"taxonomy":"product_cat","embeddable":true,"href":"https:\/\/www.onemindoneheart.org\/es\/wp-json\/wp\/v2\/product_cat?post=587"},{"taxonomy":"product_tag","embeddable":true,"href":"https:\/\/www.onemindoneheart.org\/es\/wp-json\/wp\/v2\/product_tag?post=587"}],"curies":[{"name":"wp","href":"https:\/\/api.w.org\/{rel}","templated":true}]}}