{"id":588,"date":"2026-04-02T18:08:46","date_gmt":"2026-04-02T18:08:46","guid":{"rendered":"https:\/\/www.onemindoneheart.org\/?post_type=product&#038;p=588"},"modified":"2026-04-03T16:40:53","modified_gmt":"2026-04-03T16:40:53","slug":"alejandra-cordero-2","status":"publish","type":"product","link":"https:\/\/www.onemindoneheart.org\/es\/asesores\/alejandra-cordero-2\/","title":{"rendered":"Alejandra Cordero"},"content":{"rendered":"<p>Nac\u00ed en Valladolid, Yucat\u00e1n, y crec\u00ed en Canc\u00fan Quintana Roo. Mi historia personal estuvo marcada por retos desde muy temprana edad, experiencias que me llevaron a descubrir en el arte un espacio de expresi\u00f3n, sanaci\u00f3n y fortaleza.<\/p>\n<p>De manera autodidacta, comenc\u00e9 a pintar hace m\u00e1s de 30 a\u00f1os, transformando emociones en obras que reflejan mi historia y mi crecimiento personal. Aunque estudi\u00e9 contabilidad, el arte siempre fue mi verdadero lenguaje.<\/p>\n<p>En 2019, tras la partida de mi padre, tom\u00e9 la decisi\u00f3n de vivir con prop\u00f3sito y seguir el camino que realmente resonaba conmigo. En 2021, llegu\u00e9 a la casa hogar CAT, donde encontr\u00e9 mi misi\u00f3n: acompa\u00f1ar a ni\u00f1os y j\u00f3venes a trav\u00e9s del arte.<\/p>\n<p>Hoy desarrollo talleres de emociones y me he formado en arteterapia, utilizando la pintura como una herramienta para fomentar resiliencia, bienestar emocional y transformaci\u00f3n personal.<\/p>\n<p>Mi trabajo art\u00edstico se ha expandido a exposiciones, donde cada obra representa una emoci\u00f3n convertida.<\/p>\n","protected":false},"excerpt":{"rendered":"<p>Nac\u00ed en Valladolid, Yucat\u00e1n, y crec\u00ed en Canc\u00fan Quintana Roo. Mi historia personal estuvo marcada por retos desde muy temprana edad, experiencias que me llevaron a descubrir en el arte un espacio de expresi\u00f3n, sanaci\u00f3n y fortaleza. De manera autodidacta, comenc\u00e9 a pintar hace m\u00e1s de 30 a\u00f1os, transformando emociones en obras que reflejan mi [&hellip;]<\/p>\n","protected":false},"featured_media":495,"template":"","meta":{"_et_pb_use_builder":"","_et_pb_old_content":"","_et_gb_content_width":"","rs_blank_template":"","rs_page_bg_color":"","slide_template_v7":""},"product_brand":[],"product_cat":[26],"product_tag":[],"class_list":{"0":"post-588","1":"product","2":"type-product","3":"status-publish","4":"has-post-thumbnail","6":"product_cat-asesores","8":"first","9":"instock","10":"shipping-taxable","11":"product-type-simple"},"_links":{"self":[{"href":"https:\/\/www.onemindoneheart.org\/es\/wp-json\/wp\/v2\/product\/588","targetHints":{"allow":["GET"]}}],"collection":[{"href":"https:\/\/www.onemindoneheart.org\/es\/wp-json\/wp\/v2\/product"}],"about":[{"href":"https:\/\/www.onemindoneheart.org\/es\/wp-json\/wp\/v2\/types\/product"}],"wp:featuredmedia":[{"embeddable":true,"href":"https:\/\/www.onemindoneheart.org\/es\/wp-json\/wp\/v2\/media\/495"}],"wp:attachment":[{"href":"https:\/\/www.onemindoneheart.org\/es\/wp-json\/wp\/v2\/media?parent=588"}],"wp:term":[{"taxonomy":"product_brand","embeddable":true,"href":"https:\/\/www.onemindoneheart.org\/es\/wp-json\/wp\/v2\/product_brand?post=588"},{"taxonomy":"product_cat","embeddable":true,"href":"https:\/\/www.onemindoneheart.org\/es\/wp-json\/wp\/v2\/product_cat?post=588"},{"taxonomy":"product_tag","embeddable":true,"href":"https:\/\/www.onemindoneheart.org\/es\/wp-json\/wp\/v2\/product_tag?post=588"}],"curies":[{"name":"wp","href":"https:\/\/api.w.org\/{rel}","templated":true}]}}